{"id":868,"date":"2026-04-09T12:45:54","date_gmt":"2026-04-09T12:45:54","guid":{"rendered":"https:\/\/www.rdrchurch.com\/?page_id=868"},"modified":"2026-04-09T12:45:54","modified_gmt":"2026-04-09T12:45:54","slug":"give","status":"publish","type":"page","link":"https:\/\/www.rdrchurch.com\/es\/give\/","title":{"rendered":"Dar"},"content":{"rendered":"<div data-elementor-type=\"wp-page\" data-elementor-id=\"868\" class=\"elementor elementor-868\">\n\t\t\t\t\t\t<section class=\"elementor-section elementor-top-section elementor-element elementor-element-2596398 elementor-section-boxed elementor-section-height-default elementor-section-height-default\" data-id=\"2596398\" data-element_type=\"section\" data-e-type=\"section\" data-settings=\"{&quot;background_background&quot;:&quot;classic&quot;}\">\n\t\t\t\t\t\t\t<div class=\"elementor-background-overlay\"><\/div>\n\t\t\t\t\t\t\t<div class=\"elementor-container elementor-column-gap-default\">\n\t\t\t\t\t<div class=\"elementor-column elementor-col-100 elementor-top-column elementor-element elementor-element-1c65e63\" data-id=\"1c65e63\" data-element_type=\"column\" data-e-type=\"column\">\n\t\t\t<div class=\"elementor-widget-wrap\">\n\t\t\t\t\t\t\t<\/div>\n\t\t<\/div>\n\t\t\t\t\t<\/div>\n\t\t<\/section>\n\t\t\t\t<section class=\"elementor-section elementor-top-section elementor-element elementor-element-0c374cb elementor-section-boxed elementor-section-height-default elementor-section-height-default\" data-id=\"0c374cb\" data-element_type=\"section\" data-e-type=\"section\" data-settings=\"{&quot;background_background&quot;:&quot;classic&quot;}\">\n\t\t\t\t\t\t<div class=\"elementor-container elementor-column-gap-default\">\n\t\t\t\t\t<div class=\"elementor-column elementor-col-100 elementor-top-column elementor-element elementor-element-5e5c57a\" data-id=\"5e5c57a\" data-element_type=\"column\" data-e-type=\"column\">\n\t\t\t<div class=\"elementor-widget-wrap elementor-element-populated\">\n\t\t\t\t\t\t<div class=\"elementor-element elementor-element-923c398 elementor-widget elementor-widget-heading\" data-id=\"923c398\" data-element_type=\"widget\" data-e-type=\"widget\" data-widget_type=\"heading.default\">\n\t\t\t\t<div class=\"elementor-widget-container\">\n\t\t\t\t\t<h2 class=\"elementor-heading-title elementor-size-default\">Haz Un Impacto<\/h2>\t\t\t\t<\/div>\n\t\t\t\t<\/div>\n\t\t\t\t\t<\/div>\n\t\t<\/div>\n\t\t\t\t\t<\/div>\n\t\t<\/section>\n\t\t\t\t<section class=\"elementor-section elementor-top-section elementor-element elementor-element-aeda4b5 elementor-section-boxed elementor-section-height-default elementor-section-height-default\" data-id=\"aeda4b5\" data-element_type=\"section\" data-e-type=\"section\" data-settings=\"{&quot;background_background&quot;:&quot;classic&quot;}\">\n\t\t\t\t\t\t<div class=\"elementor-container elementor-column-gap-default\">\n\t\t\t\t\t<div class=\"elementor-column elementor-col-100 elementor-top-column elementor-element elementor-element-756ee49\" data-id=\"756ee49\" data-element_type=\"column\" data-e-type=\"column\">\n\t\t\t<div class=\"elementor-widget-wrap elementor-element-populated\">\n\t\t\t\t\t\t<div class=\"elementor-element elementor-element-922361d elementor-widget elementor-widget-text-editor\" data-id=\"922361d\" data-element_type=\"widget\" data-e-type=\"widget\" data-widget_type=\"text-editor.default\">\n\t\t\t\t<div class=\"elementor-widget-container\">\n\t\t\t\t\t\t\t\t\t<p>La generosidad de la gente de la iglesia ayuda a crear m\u00e1s oportunidades para que las personas experimenten una relaci\u00f3n con Jes\u00fas que cambia la vida, y no hay mayor impacto que podamos tener juntos.<br><\/p><p>Financial giving through the church is done in two ways: tithes and offerings.&nbsp;The Bible teaches that we worship the Lord by bringing Him our tithe, which is 10% of our income. When we give in addition to our tithe, it\u2019s called an offering.<\/p>\n<p>Dios nos dice en Su Palabra que \u00c9l ama al dador alegre, por eso siempre queremos crear oportunidades para dar como \u00c9l nos gu\u00eda y con un coraz\u00f3n alegre, sin compromiso.<\/p>\t\t\t\t\t\t\t\t<\/div>\n\t\t\t\t<\/div>\n\t\t\t\t\t<\/div>\n\t\t<\/div>\n\t\t\t\t\t<\/div>\n\t\t<\/section>\n\t\t\t\t<section class=\"elementor-section elementor-top-section elementor-element elementor-element-b5a07f9 elementor-section-boxed elementor-section-height-default elementor-section-height-default\" data-id=\"b5a07f9\" data-element_type=\"section\" data-e-type=\"section\" data-settings=\"{&quot;background_background&quot;:&quot;classic&quot;}\">\n\t\t\t\t\t\t<div class=\"elementor-container elementor-column-gap-default\">\n\t\t\t\t\t<div class=\"elementor-column elementor-col-100 elementor-top-column elementor-element elementor-element-b014e87\" data-id=\"b014e87\" data-element_type=\"column\" data-e-type=\"column\">\n\t\t\t<div class=\"elementor-widget-wrap elementor-element-populated\">\n\t\t\t\t\t\t<div class=\"elementor-element elementor-element-9a56395 elementor-widget elementor-widget-heading\" data-id=\"9a56395\" data-element_type=\"widget\" data-e-type=\"widget\" data-widget_type=\"heading.default\">\n\t\t\t\t<div class=\"elementor-widget-container\">\n\t\t\t\t\t<h2 class=\"elementor-heading-title elementor-size-default\">Formas De Dar<\/h2>\t\t\t\t<\/div>\n\t\t\t\t<\/div>\n\t\t\t\t\t<\/div>\n\t\t<\/div>\n\t\t\t\t\t<\/div>\n\t\t<\/section>\n\t\t\t\t<section class=\"elementor-section elementor-top-section elementor-element elementor-element-30172fb elementor-section-boxed elementor-section-height-default elementor-section-height-default\" data-id=\"30172fb\" data-element_type=\"section\" data-e-type=\"section\">\n\t\t\t\t\t\t<div class=\"elementor-container elementor-column-gap-default\">\n\t\t\t\t\t<div class=\"elementor-column elementor-col-50 elementor-top-column elementor-element elementor-element-bfb7783\" data-id=\"bfb7783\" data-element_type=\"column\" data-e-type=\"column\">\n\t\t\t<div class=\"elementor-widget-wrap elementor-element-populated\">\n\t\t\t\t\t\t<div class=\"elementor-element elementor-element-ab220e5 elementor-widget elementor-widget-image\" data-id=\"ab220e5\" data-element_type=\"widget\" data-e-type=\"widget\" data-widget_type=\"image.default\">\n\t\t\t\t<div class=\"elementor-widget-container\">\n\t\t\t\t\t\t\t\t\t\t\t\t\t\t\t<img fetchpriority=\"high\" decoding=\"async\" width=\"1024\" height=\"576\" src=\"https:\/\/www.rdrchurch.com\/wp-content\/uploads\/2023\/05\/1-3-1024x576.jpg\" class=\"attachment-large size-large wp-image-1183\" alt=\"In person and Envelope RDR\" srcset=\"https:\/\/www.rdrchurch.com\/wp-content\/uploads\/2023\/05\/1-3-1024x576.jpg 1024w, https:\/\/www.rdrchurch.com\/wp-content\/uploads\/2023\/05\/1-3-300x169.jpg 300w, https:\/\/www.rdrchurch.com\/wp-content\/uploads\/2023\/05\/1-3-768x432.jpg 768w, https:\/\/www.rdrchurch.com\/wp-content\/uploads\/2023\/05\/1-3-1536x864.jpg 1536w, https:\/\/www.rdrchurch.com\/wp-content\/uploads\/2023\/05\/1-3-18x10.jpg 18w, https:\/\/www.rdrchurch.com\/wp-content\/uploads\/2023\/05\/1-3.jpg 1920w\" sizes=\"(max-width: 1024px) 100vw, 1024px\" \/>\t\t\t\t\t\t\t\t\t\t\t\t\t\t\t<\/div>\n\t\t\t\t<\/div>\n\t\t\t\t\t<\/div>\n\t\t<\/div>\n\t\t\t\t<div class=\"elementor-column elementor-col-50 elementor-top-column elementor-element elementor-element-62e6522\" data-id=\"62e6522\" data-element_type=\"column\" data-e-type=\"column\">\n\t\t\t<div class=\"elementor-widget-wrap elementor-element-populated\">\n\t\t\t\t\t\t<div class=\"elementor-element elementor-element-6bc0b1f elementor-widget elementor-widget-image\" data-id=\"6bc0b1f\" data-element_type=\"widget\" data-e-type=\"widget\" data-widget_type=\"image.default\">\n\t\t\t\t<div class=\"elementor-widget-container\">\n\t\t\t\t\t\t\t\t\t\t\t\t\t\t\t<img decoding=\"async\" width=\"1024\" height=\"576\" src=\"https:\/\/www.rdrchurch.com\/wp-content\/uploads\/2023\/05\/3-1024x576.jpg\" class=\"attachment-large size-large wp-image-1023\" alt=\"Tithes &amp; Offerings ENG\" srcset=\"https:\/\/www.rdrchurch.com\/wp-content\/uploads\/2023\/05\/3-1024x576.jpg 1024w, https:\/\/www.rdrchurch.com\/wp-content\/uploads\/2023\/05\/3-300x169.jpg 300w, https:\/\/www.rdrchurch.com\/wp-content\/uploads\/2023\/05\/3-768x432.jpg 768w, https:\/\/www.rdrchurch.com\/wp-content\/uploads\/2023\/05\/3-1536x864.jpg 1536w, https:\/\/www.rdrchurch.com\/wp-content\/uploads\/2023\/05\/3-18x10.jpg 18w, https:\/\/www.rdrchurch.com\/wp-content\/uploads\/2023\/05\/3.jpg 1920w\" sizes=\"(max-width: 1024px) 100vw, 1024px\" \/>\t\t\t\t\t\t\t\t\t\t\t\t\t\t\t<\/div>\n\t\t\t\t<\/div>\n\t\t\t\t\t<\/div>\n\t\t<\/div>\n\t\t\t\t\t<\/div>\n\t\t<\/section>\n\t\t\t\t<section class=\"elementor-section elementor-top-section elementor-element elementor-element-4ec6386 elementor-section-boxed elementor-section-height-default elementor-section-height-default\" data-id=\"4ec6386\" data-element_type=\"section\" data-e-type=\"section\">\n\t\t\t\t\t\t<div class=\"elementor-container elementor-column-gap-default\">\n\t\t\t\t\t<div class=\"elementor-column elementor-col-50 elementor-top-column elementor-element elementor-element-431fcd7\" data-id=\"431fcd7\" data-element_type=\"column\" data-e-type=\"column\">\n\t\t\t<div class=\"elementor-widget-wrap elementor-element-populated\">\n\t\t\t\t\t\t<div class=\"elementor-element elementor-element-3c29e05 elementor-widget elementor-widget-text-editor\" data-id=\"3c29e05\" data-element_type=\"widget\" data-e-type=\"widget\" data-widget_type=\"text-editor.default\">\n\t\t\t\t<div class=\"elementor-widget-container\">\n\t\t\t\t\t\t\t\t\t<p style=\"text-align: center;\">Si lo prefiere, Puede donar durante uno de nuestros servicios llenando un sobre proporcionado y coloc\u00e1ndolo en la caja de ofrendas ubicada junto a la puerta del auditorio. Puede usar este sobre para dar en efectivo o con cheque.<\/p>\t\t\t\t\t\t\t\t<\/div>\n\t\t\t\t<\/div>\n\t\t\t\t\t<\/div>\n\t\t<\/div>\n\t\t\t\t<div class=\"elementor-column elementor-col-50 elementor-top-column elementor-element elementor-element-d1aac35\" data-id=\"d1aac35\" data-element_type=\"column\" data-e-type=\"column\">\n\t\t\t<div class=\"elementor-widget-wrap elementor-element-populated\">\n\t\t\t\t\t\t<div class=\"elementor-element elementor-element-9275170 elementor-widget elementor-widget-text-editor\" data-id=\"9275170\" data-element_type=\"widget\" data-e-type=\"widget\" data-widget_type=\"text-editor.default\">\n\t\t\t\t<div class=\"elementor-widget-container\">\n\t\t\t\t\t\t\t\t\t<p style=\"text-align: center;\">Estamos verdaderamente agradecidos por su donaci\u00f3n y esperamos que la comodidad y la sencillez de las donaciones en l\u00ednea le sean \u00fatiles. Puede usar Zelle para enviar Diezmos o Ofrendas.<\/p>\t\t\t\t\t\t\t\t<\/div>\n\t\t\t\t<\/div>\n\t\t\t\t\t<\/div>\n\t\t<\/div>\n\t\t\t\t\t<\/div>\n\t\t<\/section>\n\t\t\t\t<section class=\"elementor-section elementor-top-section elementor-element elementor-element-9778a84 elementor-section-boxed elementor-section-height-default elementor-section-height-default\" data-id=\"9778a84\" data-element_type=\"section\" data-e-type=\"section\">\n\t\t\t\t\t\t<div class=\"elementor-container elementor-column-gap-default\">\n\t\t\t\t\t<div class=\"elementor-column elementor-col-100 elementor-top-column elementor-element elementor-element-024f455\" data-id=\"024f455\" data-element_type=\"column\" data-e-type=\"column\">\n\t\t\t<div class=\"elementor-widget-wrap elementor-element-populated\">\n\t\t\t\t\t\t<div class=\"elementor-element elementor-element-cf59a6e elementor-widget elementor-widget-text-editor\" data-id=\"cf59a6e\" data-element_type=\"widget\" data-e-type=\"widget\" data-widget_type=\"text-editor.default\">\n\t\t\t\t<div class=\"elementor-widget-container\">\n\t\t\t\t\t\t\t\t\t<p style=\"text-align: center;\"><strong>NOTAR<\/strong>: Por favor, hacer los cheques a la orden  de <em>\"Iglesia Roca De Refugio\"<\/em><\/p>\t\t\t\t\t\t\t\t<\/div>\n\t\t\t\t<\/div>\n\t\t\t\t\t<\/div>\n\t\t<\/div>\n\t\t\t\t\t<\/div>\n\t\t<\/section>\n\t\t\t\t<\/div>","protected":false},"excerpt":{"rendered":"<p>Make an Impact The generosity of the people of the church helps create more opportunities for people to experience a life-changing relationship with Jesus, and there is no greater impact we could make together. Financial giving through the church is done in two ways: tithes and offerings.&nbsp;The Bible teaches that we worship the Lord by [&hellip;]<\/p>\n","protected":false},"author":1,"featured_media":0,"parent":0,"menu_order":0,"comment_status":"closed","ping_status":"closed","template":"","meta":{"site-sidebar-layout":"no-sidebar","site-content-layout":"page-builder","ast-site-content-layout":"default","site-content-style":"default","site-sidebar-style":"default","ast-global-header-display":"","ast-banner-title-visibility":"","ast-main-header-display":"","ast-hfb-above-header-display":"","ast-hfb-below-header-display":"","ast-hfb-mobile-header-display":"","site-post-title":"disabled","ast-breadcrumbs-content":"","ast-featured-img":"disabled","footer-sml-layout":"","ast-disable-related-posts":"","theme-transparent-header-meta":"","adv-header-id-meta":"","stick-header-meta":"","header-above-stick-meta":"","header-main-stick-meta":"","header-below-stick-meta":"","astra-migrate-meta-layouts":"default","ast-page-background-enabled":"default","ast-page-background-meta":{"desktop":{"background-color":"","background-image":"","background-repeat":"repeat","background-position":"center center","background-size":"auto","background-attachment":"scroll","background-type":"","background-media":"","overlay-type":"","overlay-color":"","overlay-opacity":"","overlay-gradient":""},"tablet":{"background-color":"","background-image":"","background-repeat":"repeat","background-position":"center center","background-size":"auto","background-attachment":"scroll","background-type":"","background-media":"","overlay-type":"","overlay-color":"","overlay-opacity":"","overlay-gradient":""},"mobile":{"background-color":"","background-image":"","background-repeat":"repeat","background-position":"center center","background-size":"auto","background-attachment":"scroll","background-type":"","background-media":"","overlay-type":"","overlay-color":"","overlay-opacity":"","overlay-gradient":""}},"ast-content-background-meta":{"desktop":{"background-color":"var(--ast-global-color-5)","background-image":"","background-repeat":"repeat","background-position":"center center","background-size":"auto","background-attachment":"scroll","background-type":"","background-media":"","overlay-type":"","overlay-color":"","overlay-opacity":"","overlay-gradient":""},"tablet":{"background-color":"var(--ast-global-color-5)","background-image":"","background-repeat":"repeat","background-position":"center center","background-size":"auto","background-attachment":"scroll","background-type":"","background-media":"","overlay-type":"","overlay-color":"","overlay-opacity":"","overlay-gradient":""},"mobile":{"background-color":"var(--ast-global-color-5)","background-image":"","background-repeat":"repeat","background-position":"center center","background-size":"auto","background-attachment":"scroll","background-type":"","background-media":"","overlay-type":"","overlay-color":"","overlay-opacity":"","overlay-gradient":""}},"footnotes":""},"class_list":["post-868","page","type-page","status-publish","hentry"],"_links":{"self":[{"href":"https:\/\/www.rdrchurch.com\/es\/wp-json\/wp\/v2\/pages\/868","targetHints":{"allow":["GET"]}}],"collection":[{"href":"https:\/\/www.rdrchurch.com\/es\/wp-json\/wp\/v2\/pages"}],"about":[{"href":"https:\/\/www.rdrchurch.com\/es\/wp-json\/wp\/v2\/types\/page"}],"author":[{"embeddable":true,"href":"https:\/\/www.rdrchurch.com\/es\/wp-json\/wp\/v2\/users\/1"}],"replies":[{"embeddable":true,"href":"https:\/\/www.rdrchurch.com\/es\/wp-json\/wp\/v2\/comments?post=868"}],"version-history":[{"count":97,"href":"https:\/\/www.rdrchurch.com\/es\/wp-json\/wp\/v2\/pages\/868\/revisions"}],"predecessor-version":[{"id":3147,"href":"https:\/\/www.rdrchurch.com\/es\/wp-json\/wp\/v2\/pages\/868\/revisions\/3147"}],"wp:attachment":[{"href":"https:\/\/www.rdrchurch.com\/es\/wp-json\/wp\/v2\/media?parent=868"}],"curies":[{"name":"wp","href":"https:\/\/api.w.org\/{rel}","templated":true}]}}